{"id":16,"date":"2025-09-09T16:46:21","date_gmt":"2025-09-09T16:46:21","guid":{"rendered":"https:\/\/leticiaserbena.com\/?page_id=16"},"modified":"2025-10-14T16:19:36","modified_gmt":"2025-10-14T16:19:36","slug":"consultations","status":"publish","type":"page","link":"https:\/\/leticiaserbena.com\/fr\/consultations\/","title":{"rendered":"Consultas"},"content":{"rendered":"<div data-elementor-type=\"wp-page\" data-elementor-id=\"16\" class=\"elementor elementor-16\" data-elementor-post-type=\"page\">\n\t\t\t\t<div class=\"elementor-element elementor-element-ce24c26 e-con-full e-flex e-con e-parent\" data-id=\"ce24c26\" data-element_type=\"container\" data-settings=\"{&quot;background_background&quot;:&quot;classic&quot;}\">\n\t\t\t\t<div class=\"elementor-element elementor-element-16a66d8 elementor-widget elementor-widget-image\" data-id=\"16a66d8\" data-element_type=\"widget\" data-widget_type=\"image.default\">\n\t\t\t\t\t\t\t\t\t\t\t\t\t\t\t<img fetchpriority=\"high\" decoding=\"async\" width=\"1218\" height=\"144\" src=\"https:\/\/leticiaserbena.com\/wp-content\/uploads\/2025\/09\/Consultations-Stroke.svg\" class=\"attachment-full size-full wp-image-287\" alt=\"\" \/>\t\t\t\t\t\t\t\t\t\t\t\t\t\t\t<\/div>\n\t\t\t\t<\/div>\n\t\t<div class=\"elementor-element elementor-element-79139f3 e-flex e-con-boxed e-con e-parent\" data-id=\"79139f3\" data-element_type=\"container\" data-settings=\"{&quot;background_background&quot;:&quot;classic&quot;}\">\n\t\t\t\t\t<div class=\"e-con-inner\">\n\t\t\t\t<div class=\"elementor-element elementor-element-1a7afd2 elementor-widget__width-initial elementor-widget elementor-widget-heading\" data-id=\"1a7afd2\" data-element_type=\"widget\" data-widget_type=\"heading.default\">\n\t\t\t\t\t<h2 class=\"elementor-heading-title elementor-size-default\">Consultations<\/h2>\t\t\t\t<\/div>\n\t\t\t\t<div class=\"elementor-element elementor-element-ba1e01b elementor-widget__width-initial elementor-widget-mobile__width-inherit elementor-widget elementor-widget-text-editor\" data-id=\"ba1e01b\" data-element_type=\"widget\" data-widget_type=\"text-editor.default\">\n\t\t\t\t\t\t\t\t\t<p>Mon travail s\u2019adresse \u00e0 celles et ceux qui traversent des moments de souffrance \u2014 qu\u2019il s\u2019agisse d\u2019anxi\u00e9t\u00e9, de d\u00e9pression, d\u2019addictions ou de questionnements existentiels \u2014 afin de transformer ces impasses en possibilit\u00e9s de changement.<\/p>\t\t\t\t\t\t\t\t<\/div>\n\t\t\t\t\t<\/div>\n\t\t\t\t<\/div>\n\t\t<div class=\"elementor-element elementor-element-cb6d51e e-flex e-con-boxed e-con e-parent\" data-id=\"cb6d51e\" data-element_type=\"container\" data-settings=\"{&quot;background_background&quot;:&quot;classic&quot;}\">\n\t\t\t\t\t<div class=\"e-con-inner\">\n\t\t<div class=\"elementor-element elementor-element-4e85c40 e-con-full e-flex e-con e-child\" data-id=\"4e85c40\" data-element_type=\"container\">\n\t\t\t\t<div class=\"elementor-element elementor-element-1501112 elementor-widget elementor-widget-heading\" data-id=\"1501112\" data-element_type=\"widget\" data-widget_type=\"heading.default\">\n\t\t\t\t\t<h2 class=\"elementor-heading-title elementor-size-default\">Cabinet de Psychanalyse<\/h2>\t\t\t\t<\/div>\n\t\t\t\t<div class=\"elementor-element elementor-element-febf03d elementor-widget elementor-widget-text-editor\" data-id=\"febf03d\" data-element_type=\"widget\" data-widget_type=\"text-editor.default\">\n\t\t\t\t\t\t\t\t\t<p data-start=\"452\" data-end=\"699\">Je vous accueille dans mon cabinet de psychanalyse situ\u00e9 \u00e0 Paris 16e (Passy), o\u00f9 vous pourrez y b\u00e9n\u00e9ficier d\u2019un espace d\u2019\u00e9coute, de parole et d\u2019accompagnement psychologique pour explorer en profondeur vos questionnements, vos souffrances ou vos blocages personnels.<\/p><p data-start=\"701\" data-end=\"847\">Le suivi s\u2019adresse \u00e0 toute personne en qu\u00eate de mieux-\u00eatre, confront\u00e9e \u00e0 des impasses psychiques, des souffrances int\u00e9rieures ou des sympt\u00f4mes envahissants.<\/p><p data-start=\"849\" data-end=\"988\">Les consultations se font uniquement sur rendez-vous, en pr\u00e9sentiel ou en t\u00e9l\u00e9consultation, selon vos besoins et votre disponibilit\u00e9.<\/p>\t\t\t\t\t\t\t\t<\/div>\n\t\t\t\t<\/div>\n\t\t<div class=\"elementor-element elementor-element-9985d18 e-con-full e-flex e-con e-child\" data-id=\"9985d18\" data-element_type=\"container\">\n\t\t\t\t<div class=\"elementor-element elementor-element-e0e42a2 elementor-widget elementor-widget-image\" data-id=\"e0e42a2\" data-element_type=\"widget\" data-widget_type=\"image.default\">\n\t\t\t\t\t\t\t\t\t\t\t\t\t\t\t<img decoding=\"async\" width=\"604\" height=\"217\" src=\"https:\/\/leticiaserbena.com\/wp-content\/uploads\/2025\/09\/grafismo7.svg\" class=\"attachment-full size-full wp-image-105\" alt=\"\" \/>\t\t\t\t\t\t\t\t\t\t\t\t\t\t\t<\/div>\n\t\t\t\t<\/div>\n\t\t\t\t\t<\/div>\n\t\t\t\t<\/div>\n\t\t<div class=\"elementor-element elementor-element-cfad57b e-flex e-con-boxed e-con e-parent\" data-id=\"cfad57b\" data-element_type=\"container\" data-settings=\"{&quot;background_background&quot;:&quot;classic&quot;}\">\n\t\t\t\t\t<div class=\"e-con-inner\">\n\t\t<div class=\"elementor-element elementor-element-bcc3eff e-con-full e-flex e-con e-child\" data-id=\"bcc3eff\" data-element_type=\"container\">\n\t\t\t\t<div class=\"elementor-element elementor-element-a72af3a elementor-widget elementor-widget-heading\" data-id=\"a72af3a\" data-element_type=\"widget\" data-widget_type=\"heading.default\">\n\t\t\t\t\t<h2 class=\"elementor-heading-title elementor-size-default\">Expertises<\/h2>\t\t\t\t<\/div>\n\t\t\t\t<div class=\"elementor-element elementor-element-3bf8cc4 elementor-widget elementor-widget-text-editor\" data-id=\"3bf8cc4\" data-element_type=\"widget\" data-widget_type=\"text-editor.default\">\n\t\t\t\t\t\t\t\t\t<p><b>Mon approche clinique s\u2019articule autour de trois grands axes:<br><\/b><\/p>\n<p data-start=\"1068\" data-end=\"1426\"><strong data-start=\"1068\" data-end=\"1122\">1 \u2013 Troubles anxieux et mal-\u00eatre contemporain<\/strong><br data-start=\"1122\" data-end=\"1125\">Accompagnement des troubles anxieux (anxi\u00e9t\u00e9 g\u00e9n\u00e9ralis\u00e9e, TOC, phobies, burn-out) ainsi que des formes de souffrance li\u00e9es au sentiment de vide int\u00e9rieur, \u00e0 la surcharge mentale due \u00e0 l\u2019hyperconnexion, aux crises existentielles ou identitaires, \u00e0 la perte de sens et \u00e0 la d\u00e9sorientation symbolique.<\/p>\n<p data-start=\"1428\" data-end=\"1627\"><strong data-start=\"1428\" data-end=\"1461\">2 \u2013 Troubles psychiatriques<\/strong><br data-start=\"1461\" data-end=\"1464\">Suivi des troubles de l\u2019humeur (d\u00e9pression, bipolarit\u00e9), des \u00e9tats-limites et des troubles de la personnalit\u00e9, avec une attention port\u00e9e \u00e0 la singularit\u00e9 du sujet.<\/p>\n<p data-start=\"1629\" data-end=\"2177\"><strong data-start=\"1629\" data-end=\"1644\">3 \u2013 Addictions<\/strong><br data-start=\"1644\" data-end=\"1647\">Prise en charge des d\u00e9pendances aux substances (alcool, drogues, m\u00e9dicaments) et des\naddictions comportementales (jeux, \u00e9crans, troubles du comportement alimentaire), pens\u00e9es\ncomme expressions d\u2019une souffrance psychique.<br data-start=\"1836\" data-end=\"1839\">Dans le cadre de dispositifs institutionnels en sant\u00e9 mentale, je propose des ateliers th\u00e9rapeutiques de groupe. Alliant cr\u00e9ativit\u00e9 et exploration inconsciente, ces ateliers favorisent l\u2019expression symbolique du psychisme, notamment dans le cadre d\u2019une prise en charge psychologique int\u00e9gr\u00e9e \u00e0 une d\u00e9marche de soin clinique et pluridisciplinaire.<\/p>\t\t\t\t\t\t\t\t<\/div>\n\t\t\t\t<\/div>\n\t\t\t\t\t<\/div>\n\t\t\t\t<\/div>\n\t\t<div class=\"elementor-element elementor-element-f402f02 e-flex e-con-boxed e-con e-parent\" data-id=\"f402f02\" data-element_type=\"container\" data-settings=\"{&quot;background_background&quot;:&quot;classic&quot;}\">\n\t\t\t\t\t<div class=\"e-con-inner\">\n\t\t<div class=\"elementor-element elementor-element-542bd10 e-con-full e-flex e-con e-child\" data-id=\"542bd10\" data-element_type=\"container\">\n\t\t\t\t<div class=\"elementor-element elementor-element-f79a44a elementor-widget elementor-widget-heading\" data-id=\"f79a44a\" data-element_type=\"widget\" data-widget_type=\"heading.default\">\n\t\t\t\t\t<h2 class=\"elementor-heading-title elementor-size-default\">Prendre rendez-vous<\/h2>\t\t\t\t<\/div>\n\t\t\t\t<div class=\"elementor-element elementor-element-52e1fbe elementor-widget elementor-widget-text-editor\" data-id=\"52e1fbe\" data-element_type=\"widget\" data-widget_type=\"text-editor.default\">\n\t\t\t\t\t\t\t\t\t<p>Nous vous r\u00e9pondrons dans les meilleurs d\u00e9lais.<\/p>\t\t\t\t\t\t\t\t<\/div>\n\t\t\t\t<div class=\"elementor-element elementor-element-6b73a19 elementor-widget elementor-widget-image\" data-id=\"6b73a19\" data-element_type=\"widget\" data-widget_type=\"image.default\">\n\t\t\t\t\t\t\t\t\t\t\t\t\t\t\t<img decoding=\"async\" width=\"787\" height=\"217\" src=\"https:\/\/leticiaserbena.com\/wp-content\/uploads\/2025\/09\/grafismo1.svg\" class=\"attachment-full size-full wp-image-44\" alt=\"\" \/>\t\t\t\t\t\t\t\t\t\t\t\t\t\t\t<\/div>\n\t\t\t\t<\/div>\n\t\t<div class=\"elementor-element elementor-element-36196a1 e-con-full e-flex e-con e-child\" data-id=\"36196a1\" data-element_type=\"container\">\n\t\t\t\t<div class=\"elementor-element elementor-element-4eebf44 elementor-button-align-stretch elementor-widget elementor-widget-form\" data-id=\"4eebf44\" data-element_type=\"widget\" data-settings=\"{&quot;step_next_label&quot;:&quot;Pr\\u00f3ximo&quot;,&quot;step_previous_label&quot;:&quot;Anterior&quot;,&quot;button_width&quot;:&quot;100&quot;,&quot;step_type&quot;:&quot;number_text&quot;,&quot;step_icon_shape&quot;:&quot;circle&quot;}\" data-widget_type=\"form.default\">\n\t\t\t\t\t\t\t<form class=\"elementor-form\" method=\"post\" name=\"Novo formul\u00e1rio\" aria-label=\"Novo formul\u00e1rio\" action=\"\">\n\t\t\t<input type=\"hidden\" name=\"post_id\" value=\"16\"\/>\n\t\t\t<input type=\"hidden\" name=\"form_id\" value=\"4eebf44\"\/>\n\t\t\t<input type=\"hidden\" name=\"referer_title\" value=\"Cabinet Serbena | Consultations\" \/>\n\n\t\t\t\t\t\t\t<input type=\"hidden\" name=\"queried_id\" value=\"16\"\/>\n\t\t\t\n\t\t\t<div class=\"elementor-form-fields-wrapper elementor-labels-above\">\n\t\t\t\t\t\t\t\t<div class=\"elementor-field-type-text elementor-field-group elementor-column elementor-field-group-name elementor-col-50 elementor-field-required\">\n\t\t\t\t\t\t\t\t\t\t\t\t<label for=\"form-field-name\" class=\"elementor-field-label\">\n\t\t\t\t\t\t\t\tPr\u00e9nom\t\t\t\t\t\t\t<\/label>\n\t\t\t\t\t\t\t\t\t\t\t\t\t\t<input size=\"1\" type=\"text\" name=\"form_fields[name]\" id=\"form-field-name\" class=\"elementor-field elementor-size-sm  elementor-field-textual\" placeholder=\"Pr\u00e9nom\" required=\"required\">\n\t\t\t\t\t\t\t\t\t\t\t<\/div>\n\t\t\t\t\t\t\t\t<div class=\"elementor-field-type-text elementor-field-group elementor-column elementor-field-group-field_430a3e4 elementor-col-50 elementor-field-required\">\n\t\t\t\t\t\t\t\t\t\t\t\t<label for=\"form-field-field_430a3e4\" class=\"elementor-field-label\">\n\t\t\t\t\t\t\t\tNom de famille\t\t\t\t\t\t\t<\/label>\n\t\t\t\t\t\t\t\t\t\t\t\t\t\t<input size=\"1\" type=\"text\" name=\"form_fields[field_430a3e4]\" id=\"form-field-field_430a3e4\" class=\"elementor-field elementor-size-sm  elementor-field-textual\" placeholder=\"Nom de famille\" required=\"required\">\n\t\t\t\t\t\t\t\t\t\t\t<\/div>\n\t\t\t\t\t\t\t\t<div class=\"elementor-field-type-tel elementor-field-group elementor-column elementor-field-group-field_7a8b534 elementor-col-50 elementor-field-required\">\n\t\t\t\t\t\t\t\t\t\t\t\t<label for=\"form-field-field_7a8b534\" class=\"elementor-field-label\">\n\t\t\t\t\t\t\t\tT\u00e9l\u00e9phone\t\t\t\t\t\t\t<\/label>\n\t\t\t\t\t\t\t\t<input size=\"1\" type=\"tel\" name=\"form_fields[field_7a8b534]\" id=\"form-field-field_7a8b534\" class=\"elementor-field elementor-size-sm  elementor-field-textual\" placeholder=\"T\u00e9l\u00e9phone\" required=\"required\" pattern=\"[0-9()#&amp;+*-=.]+\" title=\"Seuls les caract\u00e8res de num\u00e9ros de t\u00e9l\u00e9phone (#, -, *, etc.) sont accept\u00e9s.\" data-no-translation-title=\"\">\n\n\t\t\t\t\t\t<\/div>\n\t\t\t\t\t\t\t\t<div class=\"elementor-field-type-email elementor-field-group elementor-column elementor-field-group-email elementor-col-50 elementor-field-required\">\n\t\t\t\t\t\t\t\t\t\t\t\t<label for=\"form-field-email\" class=\"elementor-field-label\">\n\t\t\t\t\t\t\t\tE-mail\t\t\t\t\t\t\t<\/label>\n\t\t\t\t\t\t\t\t\t\t\t\t\t\t<input size=\"1\" type=\"email\" name=\"form_fields[email]\" id=\"form-field-email\" class=\"elementor-field elementor-size-sm  elementor-field-textual\" placeholder=\"E-mail\" required=\"required\">\n\t\t\t\t\t\t\t\t\t\t\t<\/div>\n\t\t\t\t\t\t\t\t<div class=\"elementor-field-type-select elementor-field-group elementor-column elementor-field-group-field_e5b1b1b elementor-col-100\">\n\t\t\t\t\t\t\t\t\t\t\t\t<label for=\"form-field-field_e5b1b1b\" class=\"elementor-field-label\">\n\t\t\t\t\t\t\t\tServices\t\t\t\t\t\t\t<\/label>\n\t\t\t\t\t\t\t\t<div class=\"elementor-field elementor-select-wrapper remove-before\">\n\t\t\t<div class=\"select-caret-down-wrapper\">\n\t\t\t\t<svg aria-hidden=\"true\" class=\"e-font-icon-svg e-eicon-caret-down\" viewbox=\"0 0 571.4 571.4\" xmlns=\"http:\/\/www.w3.org\/2000\/svg\"><path d=\"M571 393Q571 407 561 418L311 668Q300 679 286 679T261 668L11 418Q0 407 0 393T11 368 36 357H536Q550 357 561 368T571 393Z\"><\/path><\/svg>\t\t\t<\/div>\n\t\t\t<select name=\"form_fields[field_e5b1b1b]\" id=\"form-field-field_e5b1b1b\" class=\"elementor-field-textual elementor-size-sm\">\n\t\t\t\t\t\t\t\t\t<option value=\"Selecione um servi\u00e7o\">Services (s\u00e9lection)<\/option>\n\t\t\t\t\t\t\t\t\t<option value=\"Consultas\">Consultations<\/option>\n\t\t\t\t\t\t\t\t\t<option value=\"Ateli\u00ea Terap\u00eautico\">Ateliers th\u00e9rapeutiques<\/option>\n\t\t\t\t\t\t\t\t\t<option value=\"Forma\u00e7\u00e3o\">Formations<\/option>\n\t\t\t\t\t\t\t<\/select>\n\t\t<\/div>\n\t\t\t\t\t\t<\/div>\n\t\t\t\t\t\t\t\t<div class=\"elementor-field-group elementor-column elementor-field-type-submit elementor-col-100 e-form__buttons\">\n\t\t\t\t\t<button class=\"elementor-button elementor-size-sm\" type=\"submit\">\n\t\t\t\t\t\t<span class=\"elementor-button-content-wrapper\">\n\t\t\t\t\t\t\t\t\t\t\t\t\t\t\t\t\t\t\t\t\t\t<span class=\"elementor-button-text\">Prendre rendez-vous<\/span>\n\t\t\t\t\t\t\t\t\t\t\t\t\t<\/span>\n\t\t\t\t\t<\/button>\n\t\t\t\t<\/div>\n\t\t\t<\/div>\n\t\t<input type=\"hidden\" name=\"trp-form-language\" value=\"fr\"\/><\/form>\n\t\t\t\t\t\t<\/div>\n\t\t\t\t<\/div>\n\t\t<div class=\"elementor-element elementor-element-7fed1a1 e-con-full e-flex e-con e-child\" data-id=\"7fed1a1\" data-element_type=\"container\">\n\t\t\t\t<div class=\"elementor-element elementor-element-46288a8 elementor-widget elementor-widget-google_maps\" data-id=\"46288a8\" data-element_type=\"widget\" data-widget_type=\"google_maps.default\">\n\t\t\t\t\t\t\t<div class=\"elementor-custom-embed\">\n\t\t\t<iframe loading=\"lazy\"\n\t\t\t\t\tsrc=\"https:\/\/maps.google.com\/maps?q=3%20rue%20Lyautey%2C%2075016%2C%20Paris&#038;t=m&#038;z=15&#038;output=embed&#038;iwloc=near\"\n\t\t\t\t\ttitle=\"3 rue Lyautey, 75016, Paris\"\n\t\t\t\t\taria-label=\"3 rue Lyautey, 75016, Paris\"\n\t\t\t><\/iframe>\n\t\t<\/div>\n\t\t\t\t\t\t<\/div>\n\t\t\t\t<\/div>\n\t\t\t\t\t<\/div>\n\t\t\t\t<\/div>\n\t\t\t\t<\/div>","protected":false},"excerpt":{"rendered":"<p>Consultations de psychanalyse au Cabinet Serbena \u00e0 Paris 16e. Un espace d\u2019\u00e9coute et d\u2019accompagnement psychologique pour explorer anxi\u00e9t\u00e9, d\u00e9pression, addictions et impasses existentielles, en pr\u00e9sentiel ou en t\u00e9l\u00e9consultation.<\/p>","protected":false},"author":1,"featured_media":0,"parent":0,"menu_order":0,"comment_status":"closed","ping_status":"closed","template":"","meta":{"footnotes":""},"class_list":["post-16","page","type-page","status-publish","hentry"],"yoast_head":"<!-- This site is optimized with the Yoast SEO plugin v26.2 - https:\/\/yoast.com\/wordpress\/plugins\/seo\/ -->\n<title>Cabinet Serbena | Consultations<\/title>\n<meta name=\"description\" content=\"Consultations de psychanalyse au Cabinet Serbena \u00e0 Paris 16e. Un espace d\u2019\u00e9coute et d\u2019accompagnement psychologique pour explorer anxi\u00e9t\u00e9, d\u00e9pression, addictions et impasses existentielles, en pr\u00e9sentiel ou en t\u00e9l\u00e9consultation.\" \/>\n<meta name=\"robots\" content=\"index, follow, max-snippet:-1, max-image-preview:large, max-video-preview:-1\" \/>\n<link rel=\"canonical\" href=\"https:\/\/leticiaserbena.com\/fr\/consultations\/\" \/>\n<meta property=\"og:locale\" content=\"fr_FR\" \/>\n<meta property=\"og:type\" content=\"article\" \/>\n<meta property=\"og:title\" content=\"Cabinet Serbena | Consultations\" \/>\n<meta property=\"og:description\" content=\"Consultations de psychanalyse au Cabinet Serbena \u00e0 Paris 16e. Un espace d\u2019\u00e9coute et d\u2019accompagnement psychologique pour explorer anxi\u00e9t\u00e9, d\u00e9pression, addictions et impasses existentielles, en pr\u00e9sentiel ou en t\u00e9l\u00e9consultation.\" \/>\n<meta property=\"og:url\" content=\"https:\/\/leticiaserbena.com\/fr\/consultations\/\" \/>\n<meta property=\"og:site_name\" content=\"Cabinet Serbena\" \/>\n<meta property=\"article:modified_time\" content=\"2025-10-14T16:19:36+00:00\" \/>\n<meta name=\"twitter:card\" content=\"summary_large_image\" \/>\n<meta name=\"twitter:label1\" content=\"Dur\u00e9e de lecture estim\u00e9e\" \/>\n\t<meta name=\"twitter:data1\" content=\"2 minutes\" \/>\n<script type=\"application\/ld+json\" class=\"yoast-schema-graph\">{\"@context\":\"https:\/\/schema.org\",\"@graph\":[{\"@type\":\"WebPage\",\"@id\":\"https:\/\/leticiaserbena.com\/consultations\/\",\"url\":\"https:\/\/leticiaserbena.com\/consultations\/\",\"name\":\"Cabinet Serbena | Consultations\",\"isPartOf\":{\"@id\":\"https:\/\/leticiaserbena.com\/pt_br\/#website\"},\"primaryImageOfPage\":{\"@id\":\"https:\/\/leticiaserbena.com\/consultations\/#primaryimage\"},\"image\":{\"@id\":\"https:\/\/leticiaserbena.com\/consultations\/#primaryimage\"},\"thumbnailUrl\":\"https:\/\/leticiaserbena.com\/wp-content\/uploads\/2025\/09\/Consultations-Stroke.svg\",\"datePublished\":\"2025-09-09T16:46:21+00:00\",\"dateModified\":\"2025-10-14T16:19:36+00:00\",\"description\":\"Consultations de psychanalyse au Cabinet Serbena \u00e0 Paris 16e. Un espace d\u2019\u00e9coute et d\u2019accompagnement psychologique pour explorer anxi\u00e9t\u00e9, d\u00e9pression, addictions et impasses existentielles, en pr\u00e9sentiel ou en t\u00e9l\u00e9consultation.\",\"breadcrumb\":{\"@id\":\"https:\/\/leticiaserbena.com\/consultations\/#breadcrumb\"},\"inLanguage\":\"fr-FR\",\"potentialAction\":[{\"@type\":\"ReadAction\",\"target\":[\"https:\/\/leticiaserbena.com\/consultations\/\"]}]},{\"@type\":\"ImageObject\",\"inLanguage\":\"fr-FR\",\"@id\":\"https:\/\/leticiaserbena.com\/consultations\/#primaryimage\",\"url\":\"https:\/\/leticiaserbena.com\/wp-content\/uploads\/2025\/09\/Consultations-Stroke.svg\",\"contentUrl\":\"https:\/\/leticiaserbena.com\/wp-content\/uploads\/2025\/09\/Consultations-Stroke.svg\"},{\"@type\":\"BreadcrumbList\",\"@id\":\"https:\/\/leticiaserbena.com\/consultations\/#breadcrumb\",\"itemListElement\":[{\"@type\":\"ListItem\",\"position\":1,\"name\":\"In\u00edcio\",\"item\":\"https:\/\/leticiaserbena.com\/\"},{\"@type\":\"ListItem\",\"position\":2,\"name\":\"Consultations\"}]},{\"@type\":\"WebSite\",\"@id\":\"https:\/\/leticiaserbena.com\/pt_br\/#website\",\"url\":\"https:\/\/leticiaserbena.com\/pt_br\/\",\"name\":\"Cabinet Serbena\",\"description\":\"\",\"publisher\":{\"@id\":\"https:\/\/leticiaserbena.com\/pt_br\/#organization\"},\"potentialAction\":[{\"@type\":\"SearchAction\",\"target\":{\"@type\":\"EntryPoint\",\"urlTemplate\":\"https:\/\/leticiaserbena.com\/pt_br\/?s={search_term_string}\"},\"query-input\":{\"@type\":\"PropertyValueSpecification\",\"valueRequired\":true,\"valueName\":\"search_term_string\"}}],\"inLanguage\":\"fr-FR\"},{\"@type\":\"Organization\",\"@id\":\"https:\/\/leticiaserbena.com\/pt_br\/#organization\",\"name\":\"Cabinet Serbena\",\"url\":\"https:\/\/leticiaserbena.com\/pt_br\/\",\"logo\":{\"@type\":\"ImageObject\",\"inLanguage\":\"fr-FR\",\"@id\":\"https:\/\/leticiaserbena.com\/pt_br\/#\/schema\/logo\/image\/\",\"url\":\"https:\/\/leticiaserbena.com\/wp-content\/uploads\/2025\/09\/logo-head.svg\",\"contentUrl\":\"https:\/\/leticiaserbena.com\/wp-content\/uploads\/2025\/09\/logo-head.svg\",\"width\":304,\"height\":46,\"caption\":\"Cabinet Serbena\"},\"image\":{\"@id\":\"https:\/\/leticiaserbena.com\/pt_br\/#\/schema\/logo\/image\/\"}}]}<\/script>\n<!-- \/ Yoast SEO plugin. -->","yoast_head_json":{"title":"Cabinet Serbena | Consultations","description":"Consultations de psychanalyse au Cabinet Serbena \u00e0 Paris 16e. Un espace d\u2019\u00e9coute et d\u2019accompagnement psychologique pour explorer anxi\u00e9t\u00e9, d\u00e9pression, addictions et impasses existentielles, en pr\u00e9sentiel ou en t\u00e9l\u00e9consultation.","robots":{"index":"index","follow":"follow","max-snippet":"max-snippet:-1","max-image-preview":"max-image-preview:large","max-video-preview":"max-video-preview:-1"},"canonical":"https:\/\/leticiaserbena.com\/fr\/consultations\/","og_locale":"fr_FR","og_type":"article","og_title":"Cabinet Serbena | Consultations","og_description":"Consultations de psychanalyse au Cabinet Serbena \u00e0 Paris 16e. Un espace d\u2019\u00e9coute et d\u2019accompagnement psychologique pour explorer anxi\u00e9t\u00e9, d\u00e9pression, addictions et impasses existentielles, en pr\u00e9sentiel ou en t\u00e9l\u00e9consultation.","og_url":"https:\/\/leticiaserbena.com\/fr\/consultations\/","og_site_name":"Cabinet Serbena","article_modified_time":"2025-10-14T16:19:36+00:00","twitter_card":"summary_large_image","twitter_misc":{"Dur\u00e9e de lecture estim\u00e9e":"2 minutes"},"schema":{"@context":"https:\/\/schema.org","@graph":[{"@type":"WebPage","@id":"https:\/\/leticiaserbena.com\/consultations\/","url":"https:\/\/leticiaserbena.com\/consultations\/","name":"Cabinet Serbena | Consultations","isPartOf":{"@id":"https:\/\/leticiaserbena.com\/pt_br\/#website"},"primaryImageOfPage":{"@id":"https:\/\/leticiaserbena.com\/consultations\/#primaryimage"},"image":{"@id":"https:\/\/leticiaserbena.com\/consultations\/#primaryimage"},"thumbnailUrl":"https:\/\/leticiaserbena.com\/wp-content\/uploads\/2025\/09\/Consultations-Stroke.svg","datePublished":"2025-09-09T16:46:21+00:00","dateModified":"2025-10-14T16:19:36+00:00","description":"Consultations de psychanalyse au Cabinet Serbena \u00e0 Paris 16e. Un espace d\u2019\u00e9coute et d\u2019accompagnement psychologique pour explorer anxi\u00e9t\u00e9, d\u00e9pression, addictions et impasses existentielles, en pr\u00e9sentiel ou en t\u00e9l\u00e9consultation.","breadcrumb":{"@id":"https:\/\/leticiaserbena.com\/consultations\/#breadcrumb"},"inLanguage":"fr-FR","potentialAction":[{"@type":"ReadAction","target":["https:\/\/leticiaserbena.com\/consultations\/"]}]},{"@type":"ImageObject","inLanguage":"fr-FR","@id":"https:\/\/leticiaserbena.com\/consultations\/#primaryimage","url":"https:\/\/leticiaserbena.com\/wp-content\/uploads\/2025\/09\/Consultations-Stroke.svg","contentUrl":"https:\/\/leticiaserbena.com\/wp-content\/uploads\/2025\/09\/Consultations-Stroke.svg"},{"@type":"BreadcrumbList","@id":"https:\/\/leticiaserbena.com\/consultations\/#breadcrumb","itemListElement":[{"@type":"ListItem","position":1,"name":"In\u00edcio","item":"https:\/\/leticiaserbena.com\/"},{"@type":"ListItem","position":2,"name":"Consultations"}]},{"@type":"WebSite","@id":"https:\/\/leticiaserbena.com\/pt_br\/#website","url":"https:\/\/leticiaserbena.com\/pt_br\/","name":"Cabinet Serbena","description":"","publisher":{"@id":"https:\/\/leticiaserbena.com\/pt_br\/#organization"},"potentialAction":[{"@type":"SearchAction","target":{"@type":"EntryPoint","urlTemplate":"https:\/\/leticiaserbena.com\/pt_br\/?s={search_term_string}"},"query-input":{"@type":"PropertyValueSpecification","valueRequired":true,"valueName":"search_term_string"}}],"inLanguage":"fr-FR"},{"@type":"Organization","@id":"https:\/\/leticiaserbena.com\/pt_br\/#organization","name":"Cabinet Serbena","url":"https:\/\/leticiaserbena.com\/pt_br\/","logo":{"@type":"ImageObject","inLanguage":"fr-FR","@id":"https:\/\/leticiaserbena.com\/pt_br\/#\/schema\/logo\/image\/","url":"https:\/\/leticiaserbena.com\/wp-content\/uploads\/2025\/09\/logo-head.svg","contentUrl":"https:\/\/leticiaserbena.com\/wp-content\/uploads\/2025\/09\/logo-head.svg","width":304,"height":46,"caption":"Cabinet Serbena"},"image":{"@id":"https:\/\/leticiaserbena.com\/pt_br\/#\/schema\/logo\/image\/"}}]}},"_links":{"self":[{"href":"https:\/\/leticiaserbena.com\/fr\/wp-json\/wp\/v2\/pages\/16","targetHints":{"allow":["GET"]}}],"collection":[{"href":"https:\/\/leticiaserbena.com\/fr\/wp-json\/wp\/v2\/pages"}],"about":[{"href":"https:\/\/leticiaserbena.com\/fr\/wp-json\/wp\/v2\/types\/page"}],"author":[{"embeddable":true,"href":"https:\/\/leticiaserbena.com\/fr\/wp-json\/wp\/v2\/users\/1"}],"replies":[{"embeddable":true,"href":"https:\/\/leticiaserbena.com\/fr\/wp-json\/wp\/v2\/comments?post=16"}],"version-history":[{"count":31,"href":"https:\/\/leticiaserbena.com\/fr\/wp-json\/wp\/v2\/pages\/16\/revisions"}],"predecessor-version":[{"id":427,"href":"https:\/\/leticiaserbena.com\/fr\/wp-json\/wp\/v2\/pages\/16\/revisions\/427"}],"wp:attachment":[{"href":"https:\/\/leticiaserbena.com\/fr\/wp-json\/wp\/v2\/media?parent=16"}],"curies":[{"name":"wp","href":"https:\/\/api.w.org\/{rel}","templated":true}]}}