{"id":22,"date":"2025-09-09T16:46:47","date_gmt":"2025-09-09T16:46:47","guid":{"rendered":"https:\/\/leticiaserbena.com\/?page_id=22"},"modified":"2025-10-27T13:03:14","modified_gmt":"2025-10-27T13:03:14","slug":"me-contacter","status":"publish","type":"page","link":"https:\/\/leticiaserbena.com\/fr\/me-contacter\/","title":{"rendered":"Me contacter"},"content":{"rendered":"<div data-elementor-type=\"wp-page\" data-elementor-id=\"22\" class=\"elementor elementor-22\" data-elementor-post-type=\"page\">\n\t\t\t\t<div class=\"elementor-element elementor-element-afbbe2e e-con-full e-flex e-con e-parent\" data-id=\"afbbe2e\" data-element_type=\"container\" data-settings=\"{&quot;background_background&quot;:&quot;classic&quot;}\">\n\t\t\t\t<div class=\"elementor-element elementor-element-be1118b elementor-widget elementor-widget-image\" data-id=\"be1118b\" data-element_type=\"widget\" data-widget_type=\"image.default\">\n\t\t\t\t\t\t\t\t\t\t\t\t\t\t\t<img fetchpriority=\"high\" decoding=\"async\" width=\"867\" height=\"127\" src=\"https:\/\/leticiaserbena.com\/wp-content\/uploads\/2025\/09\/Contacter-Stroke.svg\" class=\"attachment-full size-full wp-image-297\" alt=\"\" \/>\t\t\t\t\t\t\t\t\t\t\t\t\t\t\t<\/div>\n\t\t\t\t<\/div>\n\t\t<div class=\"elementor-element elementor-element-1e446f0 e-flex e-con-boxed e-con e-parent\" data-id=\"1e446f0\" data-element_type=\"container\" data-settings=\"{&quot;background_background&quot;:&quot;classic&quot;}\">\n\t\t\t\t\t<div class=\"e-con-inner\">\n\t\t\t\t<div class=\"elementor-element elementor-element-f07f379 elementor-widget__width-initial elementor-widget-mobile__width-inherit elementor-widget elementor-widget-heading\" data-id=\"f07f379\" data-element_type=\"widget\" data-widget_type=\"heading.default\">\n\t\t\t\t\t<h2 class=\"elementor-heading-title elementor-size-default\">Me Contacter<\/h2>\t\t\t\t<\/div>\n\t\t\t\t<div class=\"elementor-element elementor-element-661b191 elementor-widget__width-initial elementor-widget-mobile__width-inherit elementor-widget elementor-widget-text-editor\" data-id=\"661b191\" data-element_type=\"widget\" data-widget_type=\"text-editor.default\">\n\t\t\t\t\t\t\t\t\t<p>Mon travail s\u2019adresse \u00e0 celles et ceux qui traversent des moments de souffrance \u2014 qu\u2019il s\u2019agisse d\u2019anxi\u00e9t\u00e9, de d\u00e9pression, d\u2019addictions ou de questionnements existentiels \u2014 afin de transformer ces impasses en possibilit\u00e9s de changement.<\/p>\t\t\t\t\t\t\t\t<\/div>\n\t\t\t\t\t<\/div>\n\t\t\t\t<\/div>\n\t\t<div class=\"elementor-element elementor-element-ee0a0ec e-flex e-con-boxed e-con e-parent\" data-id=\"ee0a0ec\" data-element_type=\"container\">\n\t\t\t\t\t<div class=\"e-con-inner\">\n\t\t<div class=\"elementor-element elementor-element-3d8b422 e-con-full e-flex e-con e-child\" data-id=\"3d8b422\" data-element_type=\"container\">\n\t\t\t\t<div class=\"elementor-element elementor-element-6daccda elementor-mobile-align-center elementor-icon-list--layout-traditional elementor-list-item-link-full_width elementor-widget elementor-widget-icon-list\" data-id=\"6daccda\" data-element_type=\"widget\" data-widget_type=\"icon-list.default\">\n\t\t\t\t\t\t\t<ul class=\"elementor-icon-list-items\">\n\t\t\t\t\t\t\t<li class=\"elementor-icon-list-item\">\n\t\t\t\t\t\t\t\t\t\t\t<span class=\"elementor-icon-list-icon\">\n\t\t\t\t\t\t\t<svg aria-hidden=\"true\" class=\"e-font-icon-svg e-fas-phone\" viewbox=\"0 0 512 512\" xmlns=\"http:\/\/www.w3.org\/2000\/svg\"><path d=\"M493.4 24.6l-104-24c-11.3-2.6-22.9 3.3-27.5 13.9l-48 112c-4.2 9.8-1.4 21.3 6.9 28l60.6 49.6c-36 76.7-98.9 140.5-177.2 177.2l-49.6-60.6c-6.8-8.3-18.2-11.1-28-6.9l-112 48C3.9 366.5-2 378.1.6 389.4l24 104C27.1 504.2 36.7 512 48 512c256.1 0 464-207.5 464-464 0-11.2-7.7-20.9-18.6-23.4z\"><\/path><\/svg>\t\t\t\t\t\t<\/span>\n\t\t\t\t\t\t\t\t\t\t<span class=\"elementor-icon-list-text\">33 763 704 260<\/span>\n\t\t\t\t\t\t\t\t\t<\/li>\n\t\t\t\t\t\t<\/ul>\n\t\t\t\t\t\t<\/div>\n\t\t\t\t<\/div>\n\t\t<div class=\"elementor-element elementor-element-a49068e e-con-full e-flex e-con e-child\" data-id=\"a49068e\" data-element_type=\"container\">\n\t\t\t\t<div class=\"elementor-element elementor-element-a8fcc07 elementor-mobile-align-center elementor-icon-list--layout-traditional elementor-list-item-link-full_width elementor-widget elementor-widget-icon-list\" data-id=\"a8fcc07\" data-element_type=\"widget\" data-widget_type=\"icon-list.default\">\n\t\t\t\t\t\t\t<ul class=\"elementor-icon-list-items\">\n\t\t\t\t\t\t\t<li class=\"elementor-icon-list-item\">\n\t\t\t\t\t\t\t\t\t\t\t<a href=\"mailto:contact@leticiaserbena.com\">\n\n\t\t\t\t\t\t\t\t\t\t\t\t<span class=\"elementor-icon-list-icon\">\n\t\t\t\t\t\t\t<svg aria-hidden=\"true\" class=\"e-font-icon-svg e-far-envelope\" viewbox=\"0 0 512 512\" xmlns=\"http:\/\/www.w3.org\/2000\/svg\"><path d=\"M464 64H48C21.49 64 0 85.49 0 112v288c0 26.51 21.49 48 48 48h416c26.51 0 48-21.49 48-48V112c0-26.51-21.49-48-48-48zm0 48v40.805c-22.422 18.259-58.168 46.651-134.587 106.49-16.841 13.247-50.201 45.072-73.413 44.701-23.208.375-56.579-31.459-73.413-44.701C106.18 199.465 70.425 171.067 48 152.805V112h416zM48 400V214.398c22.914 18.251 55.409 43.862 104.938 82.646 21.857 17.205 60.134 55.186 103.062 54.955 42.717.231 80.509-37.199 103.053-54.947 49.528-38.783 82.032-64.401 104.947-82.653V400H48z\"><\/path><\/svg>\t\t\t\t\t\t<\/span>\n\t\t\t\t\t\t\t\t\t\t<span class=\"elementor-icon-list-text\">contact@leticiaserbena.com<\/span>\n\t\t\t\t\t\t\t\t\t\t\t<\/a>\n\t\t\t\t\t\t\t\t\t<\/li>\n\t\t\t\t\t\t<\/ul>\n\t\t\t\t\t\t<\/div>\n\t\t\t\t<\/div>\n\t\t<div class=\"elementor-element elementor-element-f4f26cd e-con-full e-flex e-con e-child\" data-id=\"f4f26cd\" data-element_type=\"container\">\n\t\t\t\t<div class=\"elementor-element elementor-element-b38d4d2 elementor-mobile-align-center elementor-icon-list--layout-traditional elementor-list-item-link-full_width elementor-widget elementor-widget-icon-list\" data-id=\"b38d4d2\" data-element_type=\"widget\" data-widget_type=\"icon-list.default\">\n\t\t\t\t\t\t\t<ul class=\"elementor-icon-list-items\">\n\t\t\t\t\t\t\t<li class=\"elementor-icon-list-item\">\n\t\t\t\t\t\t\t\t\t\t\t<span class=\"elementor-icon-list-icon\">\n\t\t\t\t\t\t\t<svg aria-hidden=\"true\" class=\"e-font-icon-svg e-fas-map-marker-alt\" viewbox=\"0 0 384 512\" xmlns=\"http:\/\/www.w3.org\/2000\/svg\"><path d=\"M172.268 501.67C26.97 291.031 0 269.413 0 192 0 85.961 85.961 0 192 0s192 85.961 192 192c0 77.413-26.97 99.031-172.268 309.67-9.535 13.774-29.93 13.773-39.464 0zM192 272c44.183 0 80-35.817 80-80s-35.817-80-80-80-80 35.817-80 80 35.817 80 80 80z\"><\/path><\/svg>\t\t\t\t\t\t<\/span>\n\t\t\t\t\t\t\t\t\t\t<span class=\"elementor-icon-list-text\">3 rue Lyautey, 75016, Paris<\/span>\n\t\t\t\t\t\t\t\t\t<\/li>\n\t\t\t\t\t\t<\/ul>\n\t\t\t\t\t\t<\/div>\n\t\t\t\t<\/div>\n\t\t\t\t\t<\/div>\n\t\t\t\t<\/div>\n\t\t<div class=\"elementor-element elementor-element-20dc541 e-flex e-con-boxed e-con e-parent\" data-id=\"20dc541\" data-element_type=\"container\">\n\t\t\t\t\t<div class=\"e-con-inner\">\n\t\t\t\t<div class=\"elementor-element elementor-element-99909f5 elementor-widget elementor-widget-heading\" data-id=\"99909f5\" data-element_type=\"widget\" data-widget_type=\"heading.default\">\n\t\t\t\t\t<h2 class=\"elementor-heading-title elementor-size-default\">Trouve-moi<\/h2>\t\t\t\t<\/div>\n\t\t\t\t<div class=\"elementor-element elementor-element-44afe73 elementor-widget elementor-widget-google_maps\" data-id=\"44afe73\" data-element_type=\"widget\" data-widget_type=\"google_maps.default\">\n\t\t\t\t\t\t\t<div class=\"elementor-custom-embed\">\n\t\t\t<iframe loading=\"lazy\"\n\t\t\t\t\tsrc=\"https:\/\/maps.google.com\/maps?q=3%20rue%20Lyautey%2C%2075016&#038;t=m&#038;z=16&#038;output=embed&#038;iwloc=near\"\n\t\t\t\t\ttitle=\"3 rue Lyautey, 75016\"\n\t\t\t\t\taria-label=\"3 rue Lyautey, 75016\"\n\t\t\t><\/iframe>\n\t\t<\/div>\n\t\t\t\t\t\t<\/div>\n\t\t\t\t\t<\/div>\n\t\t\t\t<\/div>\n\t\t<div class=\"elementor-element elementor-element-d52d5c1 e-flex e-con-boxed e-con e-parent\" data-id=\"d52d5c1\" data-element_type=\"container\" data-settings=\"{&quot;background_background&quot;:&quot;classic&quot;}\">\n\t\t\t\t\t<div class=\"e-con-inner\">\n\t\t<div class=\"elementor-element elementor-element-2a46c7e e-con-full e-flex e-con e-child\" data-id=\"2a46c7e\" data-element_type=\"container\">\n\t\t\t\t<div class=\"elementor-element elementor-element-ef3ace5 elementor-widget elementor-widget-heading\" data-id=\"ef3ace5\" data-element_type=\"widget\" data-widget_type=\"heading.default\">\n\t\t\t\t\t<h2 class=\"elementor-heading-title elementor-size-default\">Prendre rendez-vous<\/h2>\t\t\t\t<\/div>\n\t\t\t\t<div class=\"elementor-element elementor-element-1193e9a elementor-widget elementor-widget-text-editor\" data-id=\"1193e9a\" data-element_type=\"widget\" data-widget_type=\"text-editor.default\">\n\t\t\t\t\t\t\t\t\t<p>Nous vous r\u00e9pondrons dans les meilleurs d\u00e9lais.<\/p>\t\t\t\t\t\t\t\t<\/div>\n\t\t\t\t<div class=\"elementor-element elementor-element-0589dff elementor-widget elementor-widget-image\" data-id=\"0589dff\" data-element_type=\"widget\" data-widget_type=\"image.default\">\n\t\t\t\t\t\t\t\t\t\t\t\t\t\t\t<img decoding=\"async\" width=\"787\" height=\"217\" src=\"https:\/\/leticiaserbena.com\/wp-content\/uploads\/2025\/09\/grafismo1.svg\" class=\"attachment-full size-full wp-image-44\" alt=\"\" \/>\t\t\t\t\t\t\t\t\t\t\t\t\t\t\t<\/div>\n\t\t\t\t<\/div>\n\t\t<div class=\"elementor-element elementor-element-5bccd69 e-con-full e-flex e-con e-child\" data-id=\"5bccd69\" data-element_type=\"container\">\n\t\t\t\t<div class=\"elementor-element elementor-element-66f6c67 elementor-button-align-stretch elementor-widget elementor-widget-form\" data-id=\"66f6c67\" data-element_type=\"widget\" data-settings=\"{&quot;step_next_label&quot;:&quot;Pr\\u00f3ximo&quot;,&quot;step_previous_label&quot;:&quot;Anterior&quot;,&quot;button_width&quot;:&quot;100&quot;,&quot;step_type&quot;:&quot;number_text&quot;,&quot;step_icon_shape&quot;:&quot;circle&quot;}\" data-widget_type=\"form.default\">\n\t\t\t\t\t\t\t<form class=\"elementor-form\" method=\"post\" name=\"Novo formul\u00e1rio\" aria-label=\"Novo formul\u00e1rio\" action=\"\">\n\t\t\t<input type=\"hidden\" name=\"post_id\" value=\"22\"\/>\n\t\t\t<input type=\"hidden\" name=\"form_id\" value=\"66f6c67\"\/>\n\t\t\t<input type=\"hidden\" name=\"referer_title\" value=\"Me contacter - Cabinet Serbena\" \/>\n\n\t\t\t\t\t\t\t<input type=\"hidden\" name=\"queried_id\" value=\"22\"\/>\n\t\t\t\n\t\t\t<div class=\"elementor-form-fields-wrapper elementor-labels-above\">\n\t\t\t\t\t\t\t\t<div class=\"elementor-field-type-text elementor-field-group elementor-column elementor-field-group-name elementor-col-50 elementor-field-required\">\n\t\t\t\t\t\t\t\t\t\t\t\t<label for=\"form-field-name\" class=\"elementor-field-label\">\n\t\t\t\t\t\t\t\tPr\u00e9nom\t\t\t\t\t\t\t<\/label>\n\t\t\t\t\t\t\t\t\t\t\t\t\t\t<input size=\"1\" type=\"text\" name=\"form_fields[name]\" id=\"form-field-name\" class=\"elementor-field elementor-size-sm  elementor-field-textual\" placeholder=\"Pr\u00e9nom\" required=\"required\">\n\t\t\t\t\t\t\t\t\t\t\t<\/div>\n\t\t\t\t\t\t\t\t<div class=\"elementor-field-type-text elementor-field-group elementor-column elementor-field-group-field_430a3e4 elementor-col-50 elementor-field-required\">\n\t\t\t\t\t\t\t\t\t\t\t\t<label for=\"form-field-field_430a3e4\" class=\"elementor-field-label\">\n\t\t\t\t\t\t\t\tNom de famille\t\t\t\t\t\t\t<\/label>\n\t\t\t\t\t\t\t\t\t\t\t\t\t\t<input size=\"1\" type=\"text\" name=\"form_fields[field_430a3e4]\" id=\"form-field-field_430a3e4\" class=\"elementor-field elementor-size-sm  elementor-field-textual\" placeholder=\"Nom de famille\" required=\"required\">\n\t\t\t\t\t\t\t\t\t\t\t<\/div>\n\t\t\t\t\t\t\t\t<div class=\"elementor-field-type-tel elementor-field-group elementor-column elementor-field-group-field_7a8b534 elementor-col-50 elementor-field-required\">\n\t\t\t\t\t\t\t\t\t\t\t\t<label for=\"form-field-field_7a8b534\" class=\"elementor-field-label\">\n\t\t\t\t\t\t\t\tT\u00e9l\u00e9phone\t\t\t\t\t\t\t<\/label>\n\t\t\t\t\t\t\t\t<input size=\"1\" type=\"tel\" name=\"form_fields[field_7a8b534]\" id=\"form-field-field_7a8b534\" class=\"elementor-field elementor-size-sm  elementor-field-textual\" placeholder=\"T\u00e9l\u00e9phone\" required=\"required\" pattern=\"[0-9()#&amp;+*-=.]+\" title=\"Seuls les caract\u00e8res de num\u00e9ros de t\u00e9l\u00e9phone (#, -, *, etc.) sont accept\u00e9s.\" data-no-translation-title=\"\">\n\n\t\t\t\t\t\t<\/div>\n\t\t\t\t\t\t\t\t<div class=\"elementor-field-type-email elementor-field-group elementor-column elementor-field-group-email elementor-col-50 elementor-field-required\">\n\t\t\t\t\t\t\t\t\t\t\t\t<label for=\"form-field-email\" class=\"elementor-field-label\">\n\t\t\t\t\t\t\t\tE-mail\t\t\t\t\t\t\t<\/label>\n\t\t\t\t\t\t\t\t\t\t\t\t\t\t<input size=\"1\" type=\"email\" name=\"form_fields[email]\" id=\"form-field-email\" class=\"elementor-field elementor-size-sm  elementor-field-textual\" placeholder=\"E-mail\" required=\"required\">\n\t\t\t\t\t\t\t\t\t\t\t<\/div>\n\t\t\t\t\t\t\t\t<div class=\"elementor-field-type-select elementor-field-group elementor-column elementor-field-group-field_e5b1b1b elementor-col-100\">\n\t\t\t\t\t\t\t\t\t\t\t\t<label for=\"form-field-field_e5b1b1b\" class=\"elementor-field-label\">\n\t\t\t\t\t\t\t\tServices\t\t\t\t\t\t\t<\/label>\n\t\t\t\t\t\t\t\t<div class=\"elementor-field elementor-select-wrapper remove-before\">\n\t\t\t<div class=\"select-caret-down-wrapper\">\n\t\t\t\t<svg aria-hidden=\"true\" class=\"e-font-icon-svg e-eicon-caret-down\" viewbox=\"0 0 571.4 571.4\" xmlns=\"http:\/\/www.w3.org\/2000\/svg\"><path d=\"M571 393Q571 407 561 418L311 668Q300 679 286 679T261 668L11 418Q0 407 0 393T11 368 36 357H536Q550 357 561 368T571 393Z\"><\/path><\/svg>\t\t\t<\/div>\n\t\t\t<select name=\"form_fields[field_e5b1b1b]\" id=\"form-field-field_e5b1b1b\" class=\"elementor-field-textual elementor-size-sm\">\n\t\t\t\t\t\t\t\t\t<option value=\"Selecione um servi\u00e7o\">Services (s\u00e9lection)<\/option>\n\t\t\t\t\t\t\t\t\t<option value=\"Consultas\">Consultations<\/option>\n\t\t\t\t\t\t\t\t\t<option value=\"Ateli\u00ea Terap\u00eautico\">Ateliers th\u00e9rapeutiques<\/option>\n\t\t\t\t\t\t\t\t\t<option value=\"Forma\u00e7\u00e3o\">Formations<\/option>\n\t\t\t\t\t\t\t<\/select>\n\t\t<\/div>\n\t\t\t\t\t\t<\/div>\n\t\t\t\t\t\t\t\t<div class=\"elementor-field-group elementor-column elementor-field-type-submit elementor-col-100 e-form__buttons\">\n\t\t\t\t\t<button class=\"elementor-button elementor-size-sm\" type=\"submit\">\n\t\t\t\t\t\t<span class=\"elementor-button-content-wrapper\">\n\t\t\t\t\t\t\t\t\t\t\t\t\t\t\t\t\t\t\t\t\t\t<span class=\"elementor-button-text\">Prendre rendez-vous<\/span>\n\t\t\t\t\t\t\t\t\t\t\t\t\t<\/span>\n\t\t\t\t\t<\/button>\n\t\t\t\t<\/div>\n\t\t\t<\/div>\n\t\t<input type=\"hidden\" name=\"trp-form-language\" value=\"fr\"\/><\/form>\n\t\t\t\t\t\t<\/div>\n\t\t\t\t<\/div>\n\t\t\t\t\t<\/div>\n\t\t\t\t<\/div>\n\t\t\t\t<\/div>","protected":false},"excerpt":{"rendered":"<p>Entre em Contato Meu trabalho se dirige \u00e0queles e \u00e0quelas que atravessam momentos de sofrimento \u2014 seja de ansiedade, depress\u00e3o, adi\u00e7\u00f5es ou questionamentos existenciais \u2014 a fim de transformar esses impasses em possibilidades de mudan\u00e7a. 33 763 704 260 contact@leticiaserbena.com 3 rue Lyautey, 75016, Paris Encontre-me Agende sua consulta Responderemos o mais breve poss\u00edvel.<\/p>","protected":false},"author":1,"featured_media":0,"parent":0,"menu_order":0,"comment_status":"closed","ping_status":"closed","template":"","meta":{"footnotes":""},"class_list":["post-22","page","type-page","status-publish","hentry"],"yoast_head":"<!-- This site is optimized with the Yoast SEO plugin v26.2 - https:\/\/yoast.com\/wordpress\/plugins\/seo\/ -->\n<title>Me contacter - Cabinet Serbena<\/title>\n<meta name=\"robots\" content=\"index, follow, max-snippet:-1, max-image-preview:large, max-video-preview:-1\" \/>\n<link rel=\"canonical\" href=\"https:\/\/leticiaserbena.com\/fr\/me-contacter\/\" \/>\n<meta property=\"og:locale\" content=\"fr_FR\" \/>\n<meta property=\"og:type\" content=\"article\" \/>\n<meta property=\"og:title\" content=\"Me contacter - Cabinet Serbena\" \/>\n<meta property=\"og:description\" content=\"Entre em Contato Meu trabalho se dirige \u00e0queles e \u00e0quelas que atravessam momentos de sofrimento \u2014 seja de ansiedade, depress\u00e3o, adi\u00e7\u00f5es ou questionamentos existenciais \u2014 a fim de transformar esses impasses em possibilidades de mudan\u00e7a. 33 763 704 260 contact@leticiaserbena.com 3 rue Lyautey, 75016, Paris Encontre-me Agende sua consulta Responderemos o mais breve poss\u00edvel.\" \/>\n<meta property=\"og:url\" content=\"https:\/\/leticiaserbena.com\/fr\/me-contacter\/\" \/>\n<meta property=\"og:site_name\" content=\"Cabinet Serbena\" \/>\n<meta property=\"article:modified_time\" content=\"2025-10-27T13:03:14+00:00\" \/>\n<meta name=\"twitter:card\" content=\"summary_large_image\" \/>\n<meta name=\"twitter:label1\" content=\"Dur\u00e9e de lecture estim\u00e9e\" \/>\n\t<meta name=\"twitter:data1\" content=\"1 minute\" \/>\n<script type=\"application\/ld+json\" class=\"yoast-schema-graph\">{\"@context\":\"https:\/\/schema.org\",\"@graph\":[{\"@type\":\"WebPage\",\"@id\":\"https:\/\/leticiaserbena.com\/me-contacter\/\",\"url\":\"https:\/\/leticiaserbena.com\/me-contacter\/\",\"name\":\"Me contacter - Cabinet Serbena\",\"isPartOf\":{\"@id\":\"https:\/\/leticiaserbena.com\/pt_br\/#website\"},\"primaryImageOfPage\":{\"@id\":\"https:\/\/leticiaserbena.com\/me-contacter\/#primaryimage\"},\"image\":{\"@id\":\"https:\/\/leticiaserbena.com\/me-contacter\/#primaryimage\"},\"thumbnailUrl\":\"https:\/\/leticiaserbena.com\/wp-content\/uploads\/2025\/09\/Contacter-Stroke.svg\",\"datePublished\":\"2025-09-09T16:46:47+00:00\",\"dateModified\":\"2025-10-27T13:03:14+00:00\",\"breadcrumb\":{\"@id\":\"https:\/\/leticiaserbena.com\/me-contacter\/#breadcrumb\"},\"inLanguage\":\"fr-FR\",\"potentialAction\":[{\"@type\":\"ReadAction\",\"target\":[\"https:\/\/leticiaserbena.com\/me-contacter\/\"]}]},{\"@type\":\"ImageObject\",\"inLanguage\":\"fr-FR\",\"@id\":\"https:\/\/leticiaserbena.com\/me-contacter\/#primaryimage\",\"url\":\"https:\/\/leticiaserbena.com\/wp-content\/uploads\/2025\/09\/Contacter-Stroke.svg\",\"contentUrl\":\"https:\/\/leticiaserbena.com\/wp-content\/uploads\/2025\/09\/Contacter-Stroke.svg\"},{\"@type\":\"BreadcrumbList\",\"@id\":\"https:\/\/leticiaserbena.com\/me-contacter\/#breadcrumb\",\"itemListElement\":[{\"@type\":\"ListItem\",\"position\":1,\"name\":\"In\u00edcio\",\"item\":\"https:\/\/leticiaserbena.com\/\"},{\"@type\":\"ListItem\",\"position\":2,\"name\":\"Me contacter\"}]},{\"@type\":\"WebSite\",\"@id\":\"https:\/\/leticiaserbena.com\/pt_br\/#website\",\"url\":\"https:\/\/leticiaserbena.com\/pt_br\/\",\"name\":\"Cabinet Serbena\",\"description\":\"\",\"publisher\":{\"@id\":\"https:\/\/leticiaserbena.com\/pt_br\/#organization\"},\"potentialAction\":[{\"@type\":\"SearchAction\",\"target\":{\"@type\":\"EntryPoint\",\"urlTemplate\":\"https:\/\/leticiaserbena.com\/pt_br\/?s={search_term_string}\"},\"query-input\":{\"@type\":\"PropertyValueSpecification\",\"valueRequired\":true,\"valueName\":\"search_term_string\"}}],\"inLanguage\":\"fr-FR\"},{\"@type\":\"Organization\",\"@id\":\"https:\/\/leticiaserbena.com\/pt_br\/#organization\",\"name\":\"Cabinet Serbena\",\"url\":\"https:\/\/leticiaserbena.com\/pt_br\/\",\"logo\":{\"@type\":\"ImageObject\",\"inLanguage\":\"fr-FR\",\"@id\":\"https:\/\/leticiaserbena.com\/pt_br\/#\/schema\/logo\/image\/\",\"url\":\"https:\/\/leticiaserbena.com\/wp-content\/uploads\/2025\/09\/logo-head.svg\",\"contentUrl\":\"https:\/\/leticiaserbena.com\/wp-content\/uploads\/2025\/09\/logo-head.svg\",\"width\":304,\"height\":46,\"caption\":\"Cabinet Serbena\"},\"image\":{\"@id\":\"https:\/\/leticiaserbena.com\/pt_br\/#\/schema\/logo\/image\/\"}}]}<\/script>\n<!-- \/ Yoast SEO plugin. -->","yoast_head_json":{"title":"Me contacter - Cabinet Serbena","robots":{"index":"index","follow":"follow","max-snippet":"max-snippet:-1","max-image-preview":"max-image-preview:large","max-video-preview":"max-video-preview:-1"},"canonical":"https:\/\/leticiaserbena.com\/fr\/me-contacter\/","og_locale":"fr_FR","og_type":"article","og_title":"Me contacter - Cabinet Serbena","og_description":"Entre em Contato Meu trabalho se dirige \u00e0queles e \u00e0quelas que atravessam momentos de sofrimento \u2014 seja de ansiedade, depress\u00e3o, adi\u00e7\u00f5es ou questionamentos existenciais \u2014 a fim de transformar esses impasses em possibilidades de mudan\u00e7a. 33 763 704 260 contact@leticiaserbena.com 3 rue Lyautey, 75016, Paris Encontre-me Agende sua consulta Responderemos o mais breve poss\u00edvel.","og_url":"https:\/\/leticiaserbena.com\/fr\/me-contacter\/","og_site_name":"Cabinet Serbena","article_modified_time":"2025-10-27T13:03:14+00:00","twitter_card":"summary_large_image","twitter_misc":{"Dur\u00e9e de lecture estim\u00e9e":"1 minute"},"schema":{"@context":"https:\/\/schema.org","@graph":[{"@type":"WebPage","@id":"https:\/\/leticiaserbena.com\/me-contacter\/","url":"https:\/\/leticiaserbena.com\/me-contacter\/","name":"Me contacter - Cabinet Serbena","isPartOf":{"@id":"https:\/\/leticiaserbena.com\/pt_br\/#website"},"primaryImageOfPage":{"@id":"https:\/\/leticiaserbena.com\/me-contacter\/#primaryimage"},"image":{"@id":"https:\/\/leticiaserbena.com\/me-contacter\/#primaryimage"},"thumbnailUrl":"https:\/\/leticiaserbena.com\/wp-content\/uploads\/2025\/09\/Contacter-Stroke.svg","datePublished":"2025-09-09T16:46:47+00:00","dateModified":"2025-10-27T13:03:14+00:00","breadcrumb":{"@id":"https:\/\/leticiaserbena.com\/me-contacter\/#breadcrumb"},"inLanguage":"fr-FR","potentialAction":[{"@type":"ReadAction","target":["https:\/\/leticiaserbena.com\/me-contacter\/"]}]},{"@type":"ImageObject","inLanguage":"fr-FR","@id":"https:\/\/leticiaserbena.com\/me-contacter\/#primaryimage","url":"https:\/\/leticiaserbena.com\/wp-content\/uploads\/2025\/09\/Contacter-Stroke.svg","contentUrl":"https:\/\/leticiaserbena.com\/wp-content\/uploads\/2025\/09\/Contacter-Stroke.svg"},{"@type":"BreadcrumbList","@id":"https:\/\/leticiaserbena.com\/me-contacter\/#breadcrumb","itemListElement":[{"@type":"ListItem","position":1,"name":"In\u00edcio","item":"https:\/\/leticiaserbena.com\/"},{"@type":"ListItem","position":2,"name":"Me contacter"}]},{"@type":"WebSite","@id":"https:\/\/leticiaserbena.com\/pt_br\/#website","url":"https:\/\/leticiaserbena.com\/pt_br\/","name":"Cabinet Serbena","description":"","publisher":{"@id":"https:\/\/leticiaserbena.com\/pt_br\/#organization"},"potentialAction":[{"@type":"SearchAction","target":{"@type":"EntryPoint","urlTemplate":"https:\/\/leticiaserbena.com\/pt_br\/?s={search_term_string}"},"query-input":{"@type":"PropertyValueSpecification","valueRequired":true,"valueName":"search_term_string"}}],"inLanguage":"fr-FR"},{"@type":"Organization","@id":"https:\/\/leticiaserbena.com\/pt_br\/#organization","name":"Cabinet Serbena","url":"https:\/\/leticiaserbena.com\/pt_br\/","logo":{"@type":"ImageObject","inLanguage":"fr-FR","@id":"https:\/\/leticiaserbena.com\/pt_br\/#\/schema\/logo\/image\/","url":"https:\/\/leticiaserbena.com\/wp-content\/uploads\/2025\/09\/logo-head.svg","contentUrl":"https:\/\/leticiaserbena.com\/wp-content\/uploads\/2025\/09\/logo-head.svg","width":304,"height":46,"caption":"Cabinet Serbena"},"image":{"@id":"https:\/\/leticiaserbena.com\/pt_br\/#\/schema\/logo\/image\/"}}]}},"_links":{"self":[{"href":"https:\/\/leticiaserbena.com\/fr\/wp-json\/wp\/v2\/pages\/22","targetHints":{"allow":["GET"]}}],"collection":[{"href":"https:\/\/leticiaserbena.com\/fr\/wp-json\/wp\/v2\/pages"}],"about":[{"href":"https:\/\/leticiaserbena.com\/fr\/wp-json\/wp\/v2\/types\/page"}],"author":[{"embeddable":true,"href":"https:\/\/leticiaserbena.com\/fr\/wp-json\/wp\/v2\/users\/1"}],"replies":[{"embeddable":true,"href":"https:\/\/leticiaserbena.com\/fr\/wp-json\/wp\/v2\/comments?post=22"}],"version-history":[{"count":37,"href":"https:\/\/leticiaserbena.com\/fr\/wp-json\/wp\/v2\/pages\/22\/revisions"}],"predecessor-version":[{"id":453,"href":"https:\/\/leticiaserbena.com\/fr\/wp-json\/wp\/v2\/pages\/22\/revisions\/453"}],"wp:attachment":[{"href":"https:\/\/leticiaserbena.com\/fr\/wp-json\/wp\/v2\/media?parent=22"}],"curies":[{"name":"wp","href":"https:\/\/api.w.org\/{rel}","templated":true}]}}