{"id":3,"date":"2025-09-09T16:37:07","date_gmt":"2025-09-09T16:37:07","guid":{"rendered":"https:\/\/leticiaserbena.com\/?page_id=3"},"modified":"2025-09-23T17:27:15","modified_gmt":"2025-09-23T17:27:15","slug":"politique-de-confidentialite","status":"publish","type":"page","link":"https:\/\/leticiaserbena.com\/fr\/politique-de-confidentialite\/","title":{"rendered":"Politique de Confidentialit\u00e9"},"content":{"rendered":"<div data-elementor-type=\"wp-page\" data-elementor-id=\"3\" class=\"elementor elementor-3\" data-elementor-post-type=\"page\">\n\t\t\t\t<div class=\"elementor-element elementor-element-996e7db e-flex e-con-boxed e-con e-parent\" data-id=\"996e7db\" data-element_type=\"container\" data-settings=\"{&quot;background_background&quot;:&quot;classic&quot;}\">\n\t\t\t\t\t<div class=\"e-con-inner\">\n\t\t\t\t<div class=\"elementor-element elementor-element-62850e1 elementor-widget__width-initial elementor-widget elementor-widget-heading\" data-id=\"62850e1\" data-element_type=\"widget\" data-widget_type=\"heading.default\">\n\t\t\t\t\t<h2 class=\"elementor-heading-title elementor-size-default\">Pol\u00edtica de Privacidade<\/h2>\t\t\t\t<\/div>\n\t\t\t\t\t<\/div>\n\t\t\t\t<\/div>\n\t\t<div class=\"elementor-element elementor-element-1796ef9e e-flex e-con-boxed e-con e-parent\" data-id=\"1796ef9e\" data-element_type=\"container\">\n\t\t\t\t\t<div class=\"e-con-inner\">\n\t\t\t\t<div class=\"elementor-element elementor-element-2d4251de elementor-widget elementor-widget-text-editor\" data-id=\"2d4251de\" data-element_type=\"widget\" data-widget_type=\"text-editor.default\">\n\t\t\t\t\t\t\t\t\t<p data-start=\"1656\" data-end=\"1691\"><strong>1. Responsable du traitement<\/strong><\/p><p data-start=\"1692\" data-end=\"1880\">Le responsable du traitement des donn\u00e9es personnelles est Mme <strong data-start=\"1750\" data-end=\"1769\">Let\u00edcia Serbena<\/strong>, psychologue clinicienne et psychanalyste.<br data-start=\"1804\" data-end=\"1807\" \/>Adresse: 3 rue Lyautey, 75016<br data-start=\"1843\" data-end=\"1846\" \/>Email: cabinetserbena@gmail.com<\/p><p data-start=\"1882\" data-end=\"1905\"><strong>2. Donn\u00e9es collect\u00e9es<\/strong><\/p><p data-start=\"1906\" data-end=\"1981\">Lors de l\u2019utilisation du Site et\/ou de la prise de rendez-vous, peuvent \u00eatre collect\u00e9es :<\/p><ul data-start=\"1982\" data-end=\"2105\"><li data-start=\"1982\" data-end=\"2002\"><p data-start=\"1984\" data-end=\"2002\">Nom, pr\u00e9nom<\/p><\/li><li data-start=\"2003\" data-end=\"2034\"><p data-start=\"2005\" data-end=\"2034\">Coordonn\u00e9es (t\u00e9l\u00e9phone, email)<\/p><\/li><li data-start=\"2035\" data-end=\"2105\"><p data-start=\"2037\" data-end=\"2105\">Informations n\u00e9cessaires \u00e0 la prise de rendez-vous (date, service choisi)<\/p><\/li><\/ul><p data-start=\"2107\" data-end=\"2139\"><strong>3. Finalit\u00e9 du traitement<\/strong><\/p><p data-start=\"2140\" data-end=\"2190\">Les donn\u00e9es collect\u00e9es sont utilis\u00e9es exclusivement pour:<\/p><ul data-start=\"2191\" data-end=\"2351\"><li data-start=\"2191\" data-end=\"2243\"><p data-start=\"2193\" data-end=\"2243\">La gestion des rendez-vous et des demandes de contact<\/p><\/li><li data-start=\"2244\" data-end=\"2306\"><p data-start=\"2246\" data-end=\"2306\">L\u2019envoi \u00e9ventuel d\u2019informations pratiques ou administratives<\/p><\/li><li data-start=\"2307\" data-end=\"2351\"><p data-start=\"2309\" data-end=\"2351\">Le respect des obligations l\u00e9gales et r\u00e9glementaires<\/p><\/li><\/ul><p data-start=\"2353\" data-end=\"2371\"><strong>4. Base l\u00e9gale<\/strong><\/p><p data-start=\"2372\" data-end=\"2414\">Le traitement est fond\u00e9 sur:<\/p><ul data-start=\"2415\" data-end=\"2534\"><li data-start=\"2415\" data-end=\"2464\"><p data-start=\"2417\" data-end=\"2464\">Le consentement de l\u2019utilisateur (article 6.1.a du RGPD)<\/p><\/li><li data-start=\"2465\" data-end=\"2534\"><p data-start=\"2467\" data-end=\"2534\">L\u2019ex\u00e9cution d\u2019un contrat (article 6.1.b du RGPD)<\/p><\/li><\/ul><p data-start=\"2536\" data-end=\"2564\"><strong>5. Conservation des donn\u00e9es<\/strong><\/p><p data-start=\"2565\" data-end=\"2736\">Les donn\u00e9es personnelles sont conserv\u00e9es pendant la dur\u00e9e strictement n\u00e9cessaire \u00e0 la finalit\u00e9 pour laquelle elles ont \u00e9t\u00e9 collect\u00e9es (maximum 3 ans apr\u00e8s le dernier contact pour les demandes sans suite).<\/p><p data-start=\"2738\" data-end=\"2771\"><strong>6. Partage des donn\u00e9es<\/strong><\/p><p data-start=\"2772\" data-end=\"2978\">Les donn\u00e9es ne sont en aucun cas revendues \u00e0 des tiers. Elles peuvent \u00eatre communiqu\u00e9es uniquement aux prestataires techniques intervenant dans la gestion du Site ou de la prise de rendez-vous (h\u00e9bergeur, outil de prise de rendez-vous).<\/p><p data-start=\"2980\" data-end=\"3007\"><strong>7. Droits des utilisateurs<\/strong><\/p><p data-start=\"3008\" data-end=\"3052\">Conform\u00e9ment au RGPD, l\u2019utilisateur dispose des droits suivants:<\/p><ul data-start=\"3053\" data-end=\"3242\"><li data-start=\"3053\" data-end=\"3106\"><p data-start=\"3055\" data-end=\"3106\">Droit d\u2019acc\u00e8s, de rectification, d\u2019effacement<\/p><\/li><li data-start=\"3107\" data-end=\"3155\"><p data-start=\"3109\" data-end=\"3155\">Droit \u00e0 la limitation ou \u00e0 l\u2019opposition du traitement<\/p><\/li><li data-start=\"3156\" data-end=\"3193\"><p data-start=\"3158\" data-end=\"3193\">Droit \u00e0 la portabilit\u00e9 de ses donn\u00e9es<\/p><\/li><li data-start=\"3194\" data-end=\"3242\"><p data-start=\"3196\" data-end=\"3242\">Droit de retirer son consentement \u00e0 tout moment<\/p><\/li><\/ul><p data-start=\"3244\" data-end=\"3325\">Pour exercer ses droits, l\u2019utilisateur peut envoyer une demande \u00e0 cabinetserbena@gmail.com.<\/p><p data-start=\"3327\" data-end=\"3344\"><strong>8. S\u00e9curit\u00e9<\/strong><\/p><p data-start=\"3345\" data-end=\"3512\">Le responsable du traitement s\u2019engage \u00e0 mettre en \u0153uvre toutes les mesures techniques et organisationnelles n\u00e9cessaires pour assurer la s\u00e9curit\u00e9 et la confidentialit\u00e9 des donn\u00e9es personnelles.<\/p><p data-start=\"3514\" data-end=\"3529\"><strong>9. Cookies<\/strong><\/p><p data-start=\"3530\" data-end=\"3728\">Le Site peut utiliser des cookies pour am\u00e9liorer l\u2019exp\u00e9rience utilisateur. L\u2019utilisateur est inform\u00e9 et peut g\u00e9rer ses pr\u00e9f\u00e9rences via le bandeau de consentement affich\u00e9 lors de sa premi\u00e8re visite.<\/p><p data-start=\"3730\" data-end=\"3761\"><strong>10. Autorit\u00e9 de contr\u00f4le<\/strong><\/p><p data-start=\"3762\" data-end=\"3944\">L\u2019utilisateur dispose du droit d\u2019introduire une r\u00e9clamation aupr\u00e8s de la <strong data-start=\"3811\" data-end=\"3876\">CNIL (Commission Nationale de l\u2019Informatique et des Libert\u00e9s)<\/strong>, autorit\u00e9 de contr\u00f4le en France.<\/p>\t\t\t\t\t\t\t\t<\/div>\n\t\t\t\t\t<\/div>\n\t\t\t\t<\/div>\n\t\t\t\t<\/div>","protected":false},"excerpt":{"rendered":"<p>Pol\u00edtica de Privacidade 1. Respons\u00e1vel pelo tratamento A respons\u00e1vel pelo tratamento dos dados pessoais \u00e9 a Sra. Let\u00edcia Serbena, psic\u00f3loga cl\u00ednica e psicanalista.\ud83d\udccd Endere\u00e7o: 3 rue Lyautey, 75016\ud83d\udce7 E-mail: cabinetserbena@gmail.com 2. Dados coletados Durante o uso do Site e\/ou agendamento de consultas, podem ser coletados: Nome e sobrenome Contatos (telefone, e-mail) Informa\u00e7\u00f5es necess\u00e1rias para agendamento [&hellip;]<\/p>","protected":false},"author":1,"featured_media":0,"parent":0,"menu_order":0,"comment_status":"closed","ping_status":"closed","template":"","meta":{"footnotes":""},"class_list":["post-3","page","type-page","status-publish","hentry"],"yoast_head":"<!-- This site is optimized with the Yoast SEO plugin v26.2 - https:\/\/yoast.com\/wordpress\/plugins\/seo\/ -->\n<title>Politique de Confidentialit\u00e9 - Cabinet Serbena<\/title>\n<meta name=\"robots\" content=\"index, follow, max-snippet:-1, max-image-preview:large, max-video-preview:-1\" \/>\n<link rel=\"canonical\" href=\"https:\/\/leticiaserbena.com\/fr\/politique-de-confidentialite\/\" \/>\n<meta property=\"og:locale\" content=\"fr_FR\" \/>\n<meta property=\"og:type\" content=\"article\" \/>\n<meta property=\"og:title\" content=\"Politique de Confidentialit\u00e9 - Cabinet Serbena\" \/>\n<meta property=\"og:description\" content=\"Pol\u00edtica de Privacidade 1. Respons\u00e1vel pelo tratamento A respons\u00e1vel pelo tratamento dos dados pessoais \u00e9 a Sra. Let\u00edcia Serbena, psic\u00f3loga cl\u00ednica e psicanalista.\ud83d\udccd Endere\u00e7o: 3 rue Lyautey, 75016\ud83d\udce7 E-mail: cabinetserbena@gmail.com 2. Dados coletados Durante o uso do Site e\/ou agendamento de consultas, podem ser coletados: Nome e sobrenome Contatos (telefone, e-mail) Informa\u00e7\u00f5es necess\u00e1rias para agendamento [&hellip;]\" \/>\n<meta property=\"og:url\" content=\"https:\/\/leticiaserbena.com\/fr\/politique-de-confidentialite\/\" \/>\n<meta property=\"og:site_name\" content=\"Cabinet Serbena\" \/>\n<meta property=\"article:modified_time\" content=\"2025-09-23T17:27:15+00:00\" \/>\n<meta name=\"twitter:card\" content=\"summary_large_image\" \/>\n<meta name=\"twitter:label1\" content=\"Dur\u00e9e de lecture estim\u00e9e\" \/>\n\t<meta name=\"twitter:data1\" content=\"3 minutes\" \/>\n<script type=\"application\/ld+json\" class=\"yoast-schema-graph\">{\"@context\":\"https:\/\/schema.org\",\"@graph\":[{\"@type\":\"WebPage\",\"@id\":\"https:\/\/leticiaserbena.com\/politique-de-confidentialite\/\",\"url\":\"https:\/\/leticiaserbena.com\/politique-de-confidentialite\/\",\"name\":\"Politique de Confidentialit\u00e9 - Cabinet Serbena\",\"isPartOf\":{\"@id\":\"https:\/\/leticiaserbena.com\/pt_br\/#website\"},\"datePublished\":\"2025-09-09T16:37:07+00:00\",\"dateModified\":\"2025-09-23T17:27:15+00:00\",\"breadcrumb\":{\"@id\":\"https:\/\/leticiaserbena.com\/politique-de-confidentialite\/#breadcrumb\"},\"inLanguage\":\"fr-FR\",\"potentialAction\":[{\"@type\":\"ReadAction\",\"target\":[\"https:\/\/leticiaserbena.com\/politique-de-confidentialite\/\"]}]},{\"@type\":\"BreadcrumbList\",\"@id\":\"https:\/\/leticiaserbena.com\/politique-de-confidentialite\/#breadcrumb\",\"itemListElement\":[{\"@type\":\"ListItem\",\"position\":1,\"name\":\"In\u00edcio\",\"item\":\"https:\/\/leticiaserbena.com\/\"},{\"@type\":\"ListItem\",\"position\":2,\"name\":\"Politique de Confidentialit\u00e9\"}]},{\"@type\":\"WebSite\",\"@id\":\"https:\/\/leticiaserbena.com\/pt_br\/#website\",\"url\":\"https:\/\/leticiaserbena.com\/pt_br\/\",\"name\":\"Cabinet Serbena\",\"description\":\"\",\"publisher\":{\"@id\":\"https:\/\/leticiaserbena.com\/pt_br\/#organization\"},\"potentialAction\":[{\"@type\":\"SearchAction\",\"target\":{\"@type\":\"EntryPoint\",\"urlTemplate\":\"https:\/\/leticiaserbena.com\/pt_br\/?s={search_term_string}\"},\"query-input\":{\"@type\":\"PropertyValueSpecification\",\"valueRequired\":true,\"valueName\":\"search_term_string\"}}],\"inLanguage\":\"fr-FR\"},{\"@type\":\"Organization\",\"@id\":\"https:\/\/leticiaserbena.com\/pt_br\/#organization\",\"name\":\"Cabinet Serbena\",\"url\":\"https:\/\/leticiaserbena.com\/pt_br\/\",\"logo\":{\"@type\":\"ImageObject\",\"inLanguage\":\"fr-FR\",\"@id\":\"https:\/\/leticiaserbena.com\/pt_br\/#\/schema\/logo\/image\/\",\"url\":\"https:\/\/leticiaserbena.com\/wp-content\/uploads\/2025\/09\/logo-head.svg\",\"contentUrl\":\"https:\/\/leticiaserbena.com\/wp-content\/uploads\/2025\/09\/logo-head.svg\",\"width\":304,\"height\":46,\"caption\":\"Cabinet Serbena\"},\"image\":{\"@id\":\"https:\/\/leticiaserbena.com\/pt_br\/#\/schema\/logo\/image\/\"}}]}<\/script>\n<!-- \/ Yoast SEO plugin. -->","yoast_head_json":{"title":"Politique de Confidentialit\u00e9 - Cabinet Serbena","robots":{"index":"index","follow":"follow","max-snippet":"max-snippet:-1","max-image-preview":"max-image-preview:large","max-video-preview":"max-video-preview:-1"},"canonical":"https:\/\/leticiaserbena.com\/fr\/politique-de-confidentialite\/","og_locale":"fr_FR","og_type":"article","og_title":"Politique de Confidentialit\u00e9 - Cabinet Serbena","og_description":"Pol\u00edtica de Privacidade 1. Respons\u00e1vel pelo tratamento A respons\u00e1vel pelo tratamento dos dados pessoais \u00e9 a Sra. Let\u00edcia Serbena, psic\u00f3loga cl\u00ednica e psicanalista.\ud83d\udccd Endere\u00e7o: 3 rue Lyautey, 75016\ud83d\udce7 E-mail: cabinetserbena@gmail.com 2. Dados coletados Durante o uso do Site e\/ou agendamento de consultas, podem ser coletados: Nome e sobrenome Contatos (telefone, e-mail) Informa\u00e7\u00f5es necess\u00e1rias para agendamento [&hellip;]","og_url":"https:\/\/leticiaserbena.com\/fr\/politique-de-confidentialite\/","og_site_name":"Cabinet Serbena","article_modified_time":"2025-09-23T17:27:15+00:00","twitter_card":"summary_large_image","twitter_misc":{"Dur\u00e9e de lecture estim\u00e9e":"3 minutes"},"schema":{"@context":"https:\/\/schema.org","@graph":[{"@type":"WebPage","@id":"https:\/\/leticiaserbena.com\/politique-de-confidentialite\/","url":"https:\/\/leticiaserbena.com\/politique-de-confidentialite\/","name":"Politique de Confidentialit\u00e9 - Cabinet Serbena","isPartOf":{"@id":"https:\/\/leticiaserbena.com\/pt_br\/#website"},"datePublished":"2025-09-09T16:37:07+00:00","dateModified":"2025-09-23T17:27:15+00:00","breadcrumb":{"@id":"https:\/\/leticiaserbena.com\/politique-de-confidentialite\/#breadcrumb"},"inLanguage":"fr-FR","potentialAction":[{"@type":"ReadAction","target":["https:\/\/leticiaserbena.com\/politique-de-confidentialite\/"]}]},{"@type":"BreadcrumbList","@id":"https:\/\/leticiaserbena.com\/politique-de-confidentialite\/#breadcrumb","itemListElement":[{"@type":"ListItem","position":1,"name":"In\u00edcio","item":"https:\/\/leticiaserbena.com\/"},{"@type":"ListItem","position":2,"name":"Politique de Confidentialit\u00e9"}]},{"@type":"WebSite","@id":"https:\/\/leticiaserbena.com\/pt_br\/#website","url":"https:\/\/leticiaserbena.com\/pt_br\/","name":"Cabinet Serbena","description":"","publisher":{"@id":"https:\/\/leticiaserbena.com\/pt_br\/#organization"},"potentialAction":[{"@type":"SearchAction","target":{"@type":"EntryPoint","urlTemplate":"https:\/\/leticiaserbena.com\/pt_br\/?s={search_term_string}"},"query-input":{"@type":"PropertyValueSpecification","valueRequired":true,"valueName":"search_term_string"}}],"inLanguage":"fr-FR"},{"@type":"Organization","@id":"https:\/\/leticiaserbena.com\/pt_br\/#organization","name":"Cabinet Serbena","url":"https:\/\/leticiaserbena.com\/pt_br\/","logo":{"@type":"ImageObject","inLanguage":"fr-FR","@id":"https:\/\/leticiaserbena.com\/pt_br\/#\/schema\/logo\/image\/","url":"https:\/\/leticiaserbena.com\/wp-content\/uploads\/2025\/09\/logo-head.svg","contentUrl":"https:\/\/leticiaserbena.com\/wp-content\/uploads\/2025\/09\/logo-head.svg","width":304,"height":46,"caption":"Cabinet Serbena"},"image":{"@id":"https:\/\/leticiaserbena.com\/pt_br\/#\/schema\/logo\/image\/"}}]}},"_links":{"self":[{"href":"https:\/\/leticiaserbena.com\/fr\/wp-json\/wp\/v2\/pages\/3","targetHints":{"allow":["GET"]}}],"collection":[{"href":"https:\/\/leticiaserbena.com\/fr\/wp-json\/wp\/v2\/pages"}],"about":[{"href":"https:\/\/leticiaserbena.com\/fr\/wp-json\/wp\/v2\/types\/page"}],"author":[{"embeddable":true,"href":"https:\/\/leticiaserbena.com\/fr\/wp-json\/wp\/v2\/users\/1"}],"replies":[{"embeddable":true,"href":"https:\/\/leticiaserbena.com\/fr\/wp-json\/wp\/v2\/comments?post=3"}],"version-history":[{"count":19,"href":"https:\/\/leticiaserbena.com\/fr\/wp-json\/wp\/v2\/pages\/3\/revisions"}],"predecessor-version":[{"id":282,"href":"https:\/\/leticiaserbena.com\/fr\/wp-json\/wp\/v2\/pages\/3\/revisions\/282"}],"wp:attachment":[{"href":"https:\/\/leticiaserbena.com\/fr\/wp-json\/wp\/v2\/media?parent=3"}],"curies":[{"name":"wp","href":"https:\/\/api.w.org\/{rel}","templated":true}]}}